{"id":10,"date":"2012-04-02T23:35:07","date_gmt":"2012-04-02T22:35:07","guid":{"rendered":"http:\/\/www.svjdreyerova.cz\/?page_id=10"},"modified":"2020-01-26T22:28:48","modified_gmt":"2020-01-26T21:28:48","slug":"svj-kontakty","status":"publish","type":"page","link":"https:\/\/www.svjdreyerova.cz\/?page_id=10","title":{"rendered":"SVJ Kontakty"},"content":{"rendered":"<p>&nbsp;<\/p>\n<h2><span style=\"color: #ff0000;\">Spole\u010denstv\u00ed vlastn\u00edk\u016f jednotek Dreyerova 595-598<br \/>\n<\/span><\/h2>\n<p>Praha 5, Dreyerova 596, PS\u010c 15000<\/p>\n<p>email : <a href=\"mailto:svjdreyerova@seznam.cz\">svjdreyerova@seznam.cz<\/a><\/p>\n<p>Datov\u00e1 schr\u00e1nka: dv2jkqg<\/p>\n<hr \/>\n<p>p\u0159edseda v\u00fdboru SVJ:\u00a0 DAVID SKALICK\u00dd<\/p>\n<p>m\u00edstop\u0159edseda v\u00fdboru SVJ: Ing. HANA FIALKOV\u00c1<\/p>\n<p>\u010dlen v\u00fdboru SVJ: V\u00c1CLAV HOR\u00c1K<\/p>\n<p><em>Za v\u00fdbor jedn\u00e1 navenek jeho p\u0159edseda. V dob\u011b nep\u0159\u00edtomnosti jej zastupuje<br \/>\nm\u00edstop\u0159edseda. K p\u00edsemn\u00e9mu pr\u00e1vn\u00edmu \u00fakonu je pot\u0159eba podpis p\u0159edsedy nebo<br \/>\nm\u00edstop\u0159edsedy a dal\u0161\u00edho \u010dlena v\u00fdboru. V\u00fdbor zastupuje spole\u010denstv\u00ed ve v\u0161ech<br \/>\nz\u00e1le\u017eitostech samostatn\u011b.<\/em><\/p>\n<hr \/>\n<p>\u00da\u0159edn\u00ed hodiny : \u00fater\u00fd : 17.00 &#8211; 19.00 hodin<\/p>\n","protected":false},"excerpt":{"rendered":"<p>&nbsp; Spole\u010denstv\u00ed vlastn\u00edk\u016f jednotek Dreyerova 595-598 Praha 5, Dreyerova 596, PS\u010c 15000 email : svjdreyerova@seznam.cz Datov\u00e1 schr\u00e1nka: dv2jkqg p\u0159edseda v\u00fdboru SVJ:\u00a0 DAVID SKALICK\u00dd m\u00edstop\u0159edseda v\u00fdboru SVJ: Ing. HANA FIALKOV\u00c1 \u010dlen v\u00fdboru SVJ: V\u00c1CLAV HOR\u00c1K Za v\u00fdbor jedn\u00e1 navenek jeho p\u0159edseda. &hellip; <a href=\"https:\/\/www.svjdreyerova.cz\/?page_id=10\">Cel\u00fd p\u0159\u00edsp\u011bvek <span class=\"meta-nav\">&rarr;<\/span><\/a><\/p>\n","protected":false},"author":1,"featured_media":0,"parent":0,"menu_order":3,"comment_status":"closed","ping_status":"closed","template":"","meta":{"footnotes":""},"class_list":["post-10","page","type-page","status-publish","hentry"],"_links":{"self":[{"href":"https:\/\/www.svjdreyerova.cz\/index.php?rest_route=\/wp\/v2\/pages\/10","targetHints":{"allow":["GET"]}}],"collection":[{"href":"https:\/\/www.svjdreyerova.cz\/index.php?rest_route=\/wp\/v2\/pages"}],"about":[{"href":"https:\/\/www.svjdreyerova.cz\/index.php?rest_route=\/wp\/v2\/types\/page"}],"author":[{"embeddable":true,"href":"https:\/\/www.svjdreyerova.cz\/index.php?rest_route=\/wp\/v2\/users\/1"}],"replies":[{"embeddable":true,"href":"https:\/\/www.svjdreyerova.cz\/index.php?rest_route=%2Fwp%2Fv2%2Fcomments&post=10"}],"version-history":[{"count":16,"href":"https:\/\/www.svjdreyerova.cz\/index.php?rest_route=\/wp\/v2\/pages\/10\/revisions"}],"predecessor-version":[{"id":249,"href":"https:\/\/www.svjdreyerova.cz\/index.php?rest_route=\/wp\/v2\/pages\/10\/revisions\/249"}],"wp:attachment":[{"href":"https:\/\/www.svjdreyerova.cz\/index.php?rest_route=%2Fwp%2Fv2%2Fmedia&parent=10"}],"curies":[{"name":"wp","href":"https:\/\/api.w.org\/{rel}","templated":true}]}}